{"id":79,"date":"2015-08-06T14:26:16","date_gmt":"2015-08-06T12:26:16","guid":{"rendered":"http:\/\/www.juhonisch.de\/wordpress\/?page_id=79"},"modified":"2022-07-20T16:32:29","modified_gmt":"2022-07-20T14:32:29","slug":"buchtrailer","status":"publish","type":"page","link":"https:\/\/www.juhonisch.de\/?page_id=79","title":{"rendered":"Buchtrailer"},"content":{"rendered":"<p><\/p>\n<h3>Der Trailer f\u00fcr &#8222;Das Obsidianherz&#8220;<\/h3>\n<p>Macht Eure Lautsprecher an und r\u00fcckt Eure Brillen gerade \ud83d\ude42<\/p>\n<p><iframe loading=\"lazy\" title=\"YouTube video player\" src=\"https:\/\/www.youtube.com\/embed\/dxgX2pqX9xI\" width=\"560\" height=\"315\" frameborder=\"0\" allowfullscreen=\"allowfullscreen\"><\/iframe><\/p>\n<p>Den moralisch leicht zu Schockierenden unter Euch sei hier noch eine Warnung gegeben: Die Bilder sind zum gr\u00f6\u00dften Teil Gem\u00e4lde aus der Romantik &#8211; mit dem damals \u00fcblichen &#8222;Dress Code&#8220;. Seid also bitte mindestens 18 oder schaut weg!<br \/>\nUnd dann habe ich noch eine Bitte: Wenn Euch der Trailer gef\u00e4llt, weiterleiten! Danke!<\/p>\n<p style=\"text-align: center;\" align=\"center\"><b>~~~<\/b><\/p>\n<h3><a id=\"trailer_salztr\u00e4ume\" name=\"trailer_salztr\u00e4ume\"><\/a>Der Trailer f\u00fcr &#8222;Salztr\u00e4ume&#8220;<\/h3>\n<p>Der neue Trailer f\u00fcr &#8222;Salztr\u00e4ume&#8220; ist fertig. Es war eine wirklich langwierige und nicht unkomplizierte Arbeit, und ich danke meiner Autorenkollegin <a href=\"http:\/\/www.olgakrouk.de\">Olga Krouk<\/a> f\u00fcr ihre gro\u00dfe Unterst\u00fctzung bei der Umsetzung.<br \/>\nAuch f\u00fcr diesen Trailer gilt nat\u00fcrlich: Wenn er euch gef\u00e4llt, leitet ihn bitte gern weiter oder ver\u00f6ffentlicht ihn in Euren Foren oder Blogs. Danke!<\/p>\n<p><iframe loading=\"lazy\" title=\"YouTube video player\" src=\"https:\/\/www.youtube.com\/embed\/jgcH5g9Ixdk\" width=\"560\" height=\"315\" frameborder=\"0\" allowfullscreen=\"allowfullscreen\"><\/iframe><\/p>\n<p style=\"text-align: center;\" align=\"center\"><b>~~~<\/b><\/p>\n<h3>Der Trailer f\u00fcr &#8222;Bisse&#8220;<\/h3>\n<p>Aktualisiert &#8211; der Trailer zu meiner Kurzgeschichtensammlung &#8222;Bisse&#8220; &#8211; fr\u00f6hliches Gruseln!<\/p>\n<p><iframe loading=\"lazy\" title=\"YouTube video player\" src=\"https:\/\/www.youtube.com\/embed\/9BWz41kOzMw\" width=\"560\" height=\"315\" frameborder=\"0\" allowfullscreen=\"allowfullscreen\"><\/iframe><\/p>\n<p>&nbsp;<\/p>\n<blockquote><p>Es ist die Zeit des M\u00e4rchenk\u00f6nigs. In M\u00fcnchen treffen Gut und B\u00f6se aufeinander &#8230;<\/p><\/blockquote>\n<p><\/p>","protected":false},"excerpt":{"rendered":"<p>Der Trailer f\u00fcr &#8222;Das Obsidianherz&#8220; Macht Eure Lautsprecher an und r\u00fcckt Eure Brillen gerade \ud83d\ude42 Den moralisch leicht zu Schockierenden unter Euch sei hier noch eine Warnung gegeben: Die Bilder sind zum gr\u00f6\u00dften Teil Gem\u00e4lde aus der Romantik &#8211; mit dem damals \u00fcblichen &#8222;Dress Code&#8220;. Seid also bitte mindestens 18 oder schaut weg! Und dann habe ich noch eine Bitte: Wenn Euch der Trailer gef\u00e4llt, weiterleiten! Danke! ~~~ Der Trailer f\u00fcr &#8222;Salztr\u00e4ume&#8220; Der neue Trailer f\u00fcr &#8222;Salztr\u00e4ume&#8220; ist fertig. Es war eine wirklich langwierige und nicht unkomplizierte Arbeit, und ich danke meiner Autorenkollegin Olga Krouk f\u00fcr ihre gro\u00dfe Unterst\u00fctzung bei der Umsetzung. Auch f\u00fcr diesen Trailer gilt nat\u00fcrlich: Wenn er euch gef\u00e4llt, leitet ihn bitte gern weiter oder ver\u00f6ffentlicht ihn in Euren Foren oder Blogs. Danke! ~~~ Der Trailer f\u00fcr &#8222;Bisse&#8220; Aktualisiert &#8211; der Trailer zu meiner Kurzgeschichtensammlung &#8222;Bisse&#8220; &#8211; fr\u00f6hliches Gruseln! &nbsp; Es ist die Zeit des M\u00e4rchenk\u00f6nigs. In M\u00fcnchen treffen Gut und B\u00f6se aufeinander &#8230;<\/p>\n","protected":false},"author":1,"featured_media":0,"parent":43,"menu_order":0,"comment_status":"open","ping_status":"closed","template":"","meta":{"sfsi_plus_gutenberg_text_before_share":"","sfsi_plus_gutenberg_show_text_before_share":"","sfsi_plus_gutenberg_icon_type":"","sfsi_plus_gutenberg_icon_alignemt":"","sfsi_plus_gutenburg_max_per_row":"","footnotes":""},"class_list":["post-79","page","type-page","status-publish","hentry"],"acf":[],"_links":{"self":[{"href":"https:\/\/www.juhonisch.de\/index.php?rest_route=\/wp\/v2\/pages\/79","targetHints":{"allow":["GET"]}}],"collection":[{"href":"https:\/\/www.juhonisch.de\/index.php?rest_route=\/wp\/v2\/pages"}],"about":[{"href":"https:\/\/www.juhonisch.de\/index.php?rest_route=\/wp\/v2\/types\/page"}],"author":[{"embeddable":true,"href":"https:\/\/www.juhonisch.de\/index.php?rest_route=\/wp\/v2\/users\/1"}],"replies":[{"embeddable":true,"href":"https:\/\/www.juhonisch.de\/index.php?rest_route=%2Fwp%2Fv2%2Fcomments&post=79"}],"version-history":[{"count":15,"href":"https:\/\/www.juhonisch.de\/index.php?rest_route=\/wp\/v2\/pages\/79\/revisions"}],"predecessor-version":[{"id":1398,"href":"https:\/\/www.juhonisch.de\/index.php?rest_route=\/wp\/v2\/pages\/79\/revisions\/1398"}],"up":[{"embeddable":true,"href":"https:\/\/www.juhonisch.de\/index.php?rest_route=\/wp\/v2\/pages\/43"}],"wp:attachment":[{"href":"https:\/\/www.juhonisch.de\/index.php?rest_route=%2Fwp%2Fv2%2Fmedia&parent=79"}],"curies":[{"name":"wp","href":"https:\/\/api.w.org\/{rel}","templated":true}]}}