{"id":7,"date":"2015-08-04T12:02:37","date_gmt":"2015-08-04T10:02:37","guid":{"rendered":"http:\/\/www.juhonisch.de\/wordpress\/?page_id=7"},"modified":"2021-10-06T15:19:04","modified_gmt":"2021-10-06T13:19:04","slug":"ju-honisch","status":"publish","type":"page","link":"https:\/\/www.juhonisch.de\/?page_id=7","title":{"rendered":"Die Autorin"},"content":{"rendered":"<p>Aufgewachsen bin ich in Bayern, wo ich zur Schule ging und an der Ludwig-Maximilians-Universit\u00e4t studierte (Anglistik und Geschichte). Meinen allerersten Roman habe ich schon unter der Schulbank im zarten Alter von dreizehn geschrieben, unver\u00f6ffentlicht nat\u00fcrlich (und f\u00fcr immer unter Verschluss). \u00dcber einen Magister und zwei Staatsexamina brachte mich mein Weg dann ins Verlagsgesch\u00e4ft und von dort zum professionellen Schreiben: Kurzgeschichten, Romane, Gedichte und Lieder. <img loading=\"lazy\" decoding=\"async\" class=\"alignright\" src=\"http:\/\/juhonisch.de\/img\/judfdf.jpg\" alt=\"Foto Copyright 2009 Arne Homborg\" width=\"267\" height=\"400\" align=\"right\" hspace=\"4\" vspace=\"4\" \/><\/p>\n<p>Inzwischen wohne ich in Hessen, wohin mich die Liebe verschlagen hat.<\/p>\n<p>Vieles was ich schreibe, geh\u00f6rt in den Bereich der Phantastik oder ist nicht weit entfernt davon angesiedelt. Niedliche Feen und romantische Elflein wird man allerdings umsonst in meinen B\u00fcchern suchen. Ich mag es spannend. Ich mag es schwarzhumorig. Ich mag es handfest. And what I like is what you get.<\/p>\n<p><img loading=\"lazy\" decoding=\"async\" class=\"alignleft\" src=\"http:\/\/juhonisch.de\/img\/phantastikpreis1.jpg\" alt=\"Bild Copyright Brigitte Fielicke - \u00dcberreichung des Deutschen Phantastikpreises 2009 an Ju Honisch\" width=\"500\" height=\"411\" vspace=\"1\" \/><\/p>\n<p>Erfreulicherweise m\u00f6gen auch meine Leser es gerne spannend, schwarzhumorig und handfest, denn Sie haben mich und mein Buch &#8222;Das Obsidianherz&#8220; 2009 mit dem <b>Deutschen Phantastik Preis <\/b> (in der Kategorie bestes Romandeb\u00fct) ausgezeichnet, wor\u00fcber ich mich sehr gefreut habe. In 2014 folgte die\u00a0Auszeichnung mit dem <strong>&#8222;Seraph&#8220;<\/strong> f\u00fcr &#8222;Schwingen aus Stein&#8220; in der Rubrik &#8222;Bestes Buch&#8220;. Liebe Leser, ich danke Euch und verspreche, es bleibt spannend!<\/p>\n<p><b>Warum Phantastik? <\/b><\/p>\n<p>Schon w\u00e4hrend des Studiums habe ich mich schon gerne mit Randthemen, der vernachl\u00e4ssigten Genreliteratur und f\u00e4cher\u00fcbergreifenden &#8222;Fringe-Topics&#8220; besch\u00e4ftigt. Ich war nie der Auffassung, dass eine Genrezuordnung mehr ist als ein Label, um ein Buch in der Stadtb\u00fccherei in ein bestimmtes Regal zu stellen. Ich mag Phantastik, und ich stehe dazu.<\/p>\n<p>Wir alle brauchen Phantasie. Es schadet nicht, sie ein wenig \u00fcber die Alltagsgrenzen hinaus von der Kette zu lassen. Und man bekommt auch nicht das Abitur aberkannt, wenn man es tut.<\/p>\n<p>&nbsp;<\/p>\n<blockquote><p>Die Welt ist bunt. Sie darf das sein.<\/p><\/blockquote>\n<p><\/p>","protected":false},"excerpt":{"rendered":"<p>Aufgewachsen bin ich in Bayern, wo ich zur Schule ging und an der Ludwig-Maximilians-Universit\u00e4t studierte (Anglistik und Geschichte). Meinen allerersten Roman habe ich schon unter der Schulbank im zarten Alter von dreizehn geschrieben, unver\u00f6ffentlicht nat\u00fcrlich (und f\u00fcr immer unter Verschluss). \u00dcber einen Magister und zwei Staatsexamina brachte mich mein Weg dann ins Verlagsgesch\u00e4ft und von dort zum professionellen Schreiben: Kurzgeschichten, Romane, Gedichte und Lieder. Inzwischen wohne ich in Hessen, wohin mich die Liebe verschlagen hat. Vieles was ich schreibe, geh\u00f6rt in den Bereich der Phantastik oder ist nicht weit entfernt davon angesiedelt. Niedliche Feen und romantische Elflein wird man allerdings umsonst in meinen B\u00fcchern suchen. Ich mag es spannend. Ich mag es schwarzhumorig. Ich mag es handfest. And what I like is what you get. Erfreulicherweise m\u00f6gen auch meine Leser es gerne spannend, schwarzhumorig und handfest, denn Sie haben mich und mein Buch &#8222;Das Obsidianherz&#8220; 2009 mit dem Deutschen Phantastik Preis (in der Kategorie bestes Romandeb\u00fct) ausgezeichnet, wor\u00fcber ich mich sehr gefreut habe. In 2014 folgte die\u00a0Auszeichnung mit dem &#8222;Seraph&#8220; f\u00fcr &#8222;Schwingen aus Stein&#8220; in der Rubrik &#8222;Bestes Buch&#8220;. Liebe Leser, ich danke Euch und verspreche, es bleibt spannend! Warum Phantastik? Schon w\u00e4hrend des Studiums habe ich mich schon gerne mit Randthemen, der vernachl\u00e4ssigten Genreliteratur und f\u00e4cher\u00fcbergreifenden &#8222;Fringe-Topics&#8220; besch\u00e4ftigt. Ich war nie der Auffassung, dass eine Genrezuordnung mehr ist als ein Label, um ein Buch in der Stadtb\u00fccherei in ein bestimmtes Regal zu stellen. Ich mag Phantastik, und ich stehe dazu. Wir alle brauchen Phantasie. Es schadet nicht, sie ein wenig \u00fcber die Alltagsgrenzen hinaus von der Kette zu lassen. Und man bekommt auch nicht das Abitur aberkannt, wenn man es tut. &nbsp; Die Welt ist bunt. Sie darf das sein.<\/p>\n","protected":false},"author":1,"featured_media":0,"parent":0,"menu_order":1,"comment_status":"open","ping_status":"open","template":"","meta":{"sfsi_plus_gutenberg_text_before_share":"","sfsi_plus_gutenberg_show_text_before_share":"","sfsi_plus_gutenberg_icon_type":"","sfsi_plus_gutenberg_icon_alignemt":"","sfsi_plus_gutenburg_max_per_row":"","footnotes":""},"class_list":["post-7","page","type-page","status-publish","hentry"],"acf":[],"_links":{"self":[{"href":"https:\/\/www.juhonisch.de\/index.php?rest_route=\/wp\/v2\/pages\/7","targetHints":{"allow":["GET"]}}],"collection":[{"href":"https:\/\/www.juhonisch.de\/index.php?rest_route=\/wp\/v2\/pages"}],"about":[{"href":"https:\/\/www.juhonisch.de\/index.php?rest_route=\/wp\/v2\/types\/page"}],"author":[{"embeddable":true,"href":"https:\/\/www.juhonisch.de\/index.php?rest_route=\/wp\/v2\/users\/1"}],"replies":[{"embeddable":true,"href":"https:\/\/www.juhonisch.de\/index.php?rest_route=%2Fwp%2Fv2%2Fcomments&post=7"}],"version-history":[{"count":40,"href":"https:\/\/www.juhonisch.de\/index.php?rest_route=\/wp\/v2\/pages\/7\/revisions"}],"predecessor-version":[{"id":2164,"href":"https:\/\/www.juhonisch.de\/index.php?rest_route=\/wp\/v2\/pages\/7\/revisions\/2164"}],"wp:attachment":[{"href":"https:\/\/www.juhonisch.de\/index.php?rest_route=%2Fwp%2Fv2%2Fmedia&parent=7"}],"curies":[{"name":"wp","href":"https:\/\/api.w.org\/{rel}","templated":true}]}}